{"id":4336,"date":"2026-01-07T15:31:34","date_gmt":"2026-01-07T14:31:34","guid":{"rendered":"https:\/\/www.missionlocale-si.com\/?page_id=4336"},"modified":"2026-03-04T09:34:26","modified_gmt":"2026-03-04T08:34:26","slug":"inauguration-eybens","status":"publish","type":"page","link":"https:\/\/www.missionlocale-si.com\/index.php\/inauguration-eybens\/","title":{"rendered":"Inauguration Site Eybens"},"content":{"rendered":"<p>[et_pb_section fb_built=\u00a0\u00bb1&Prime; _builder_version=\u00a0\u00bb4.27.5&Prime; _module_preset=\u00a0\u00bbdefault\u00a0\u00bb global_colors_info=\u00a0\u00bb{}\u00a0\u00bb][et_pb_row _builder_version=\u00a0\u00bb4.27.5&Prime; _module_preset=\u00a0\u00bbdefault\u00a0\u00bb custom_padding=\u00a0\u00bb||31px|||\u00a0\u00bb global_colors_info=\u00a0\u00bb{}\u00a0\u00bb][et_pb_column type=\u00a0\u00bb4_4&Prime; _builder_version=\u00a0\u00bb4.27.5&Prime; _module_preset=\u00a0\u00bbdefault\u00a0\u00bb global_colors_info=\u00a0\u00bb{}\u00a0\u00bb][et_pb_heading title=\u00a0\u00bbINAUGURATION DU SITE D&rsquo;EYBENS\u00a0\u00bb _builder_version=\u00a0\u00bb4.27.6&Prime; _module_preset=\u00a0\u00bbdefault\u00a0\u00bb title_font=\u00a0\u00bbAcme||||||||\u00a0\u00bb title_text_align=\u00a0\u00bbcenter\u00a0\u00bb title_text_color=\u00a0\u00bb#E02B20&Prime; title_font_size=\u00a0\u00bb43px\u00a0\u00bb module_alignment=\u00a0\u00bbcenter\u00a0\u00bb global_colors_info=\u00a0\u00bb{}\u00a0\u00bb][\/et_pb_heading][\/et_pb_column][\/et_pb_row][et_pb_row _builder_version=\u00a0\u00bb4.27.6&Prime; _module_preset=\u00a0\u00bbdefault\u00a0\u00bb custom_padding=\u00a0\u00bb0px||0px|||\u00a0\u00bb global_colors_info=\u00a0\u00bb{}\u00a0\u00bb][et_pb_column type=\u00a0\u00bb4_4&Prime; _builder_version=\u00a0\u00bb4.27.6&Prime; _module_preset=\u00a0\u00bbdefault\u00a0\u00bb global_colors_info=\u00a0\u00bb{}\u00a0\u00bb][et_pb_text _builder_version=\u00a0\u00bb4.27.6&Prime; _module_preset=\u00a0\u00bbdefault\u00a0\u00bb text_font=\u00a0\u00bbAcme||||||||\u00a0\u00bb text_font_size=\u00a0\u00bb15px\u00a0\u00bb global_colors_info=\u00a0\u00bb{}\u00a0\u00bb]<\/p>\n<p style=\"text-align: center;\"><span class=\"break-words           tvm-parent-container\"><span dir=\"ltr\">Mardi 24 f\u00e9vrier dernier, s&rsquo;est tenue <strong>l&rsquo;Inauguration du nouveau site de la<span class=\"white-space-pre\"> <\/span>Mission Locale Sud Is\u00e8re<span class=\"white-space-pre\"> <\/span>\u00e0 Eybens !<\/strong> \ud83c\udf89\u200b<span><br \/><\/span><span><br \/><\/span><span class=\"white-space-pre\"> <\/span><strong>Christophe Ferrari<\/strong><span class=\"white-space-pre\"> <\/span>(Pr\u00e9sident de Grenoble Alpes M\u00e9tropole),<span class=\"white-space-pre\"> <\/span><span><strong>Philippe Paliard<\/strong>\u00a0<\/span><span class=\"white-space-pre\"> <\/span>(\u00c9lu de la R\u00e9gion Auvergne-Rh\u00f4ne-Alpes),<strong><span class=\"white-space-pre\"> N<\/span>icolas Richard<\/strong><span class=\"white-space-pre\"> <\/span>(Maire d\u2019Eybens), <strong>Marie Rueda<\/strong> et<span class=\"white-space-pre\"> <\/span><strong>Dominique Scheiblin<\/strong><span class=\"white-space-pre\"> <\/span>(Vice-pr\u00e9sidentes de la MLSI), <strong>Christelle CHAVAND<\/strong> (\u00c9lue d\u2019Eybens),<span class=\"white-space-pre\"> <\/span><strong>Salom\u00e9 DURAND<\/strong><span class=\"white-space-pre\"> <\/span>(Charg\u00e9e d&rsquo;Op\u00e9ration b\u00e2timent &#8211; Service Construction \u00e0 la M\u00e9tropole de Grenoble),<span class=\"white-space-pre\"> <\/span><strong>Karine Troussier-Duret<span class=\"white-space-pre\"> <\/span><\/strong>(Directrice de la MEE &#8211; MIFE Is\u00e8re),<span class=\"white-space-pre\"> <\/span><strong>St\u00e9phanie Scherer<\/strong><span class=\"white-space-pre\"> <\/span>(Directrice adjointe de la MEE &#8211; MIFE Is\u00e8re), <strong>Rabah FEKIH<\/strong> (Responsable de l\u2019Unit\u00e9 Partenariale \u00e0 la MLSI),<span class=\"white-space-pre\"> <\/span><strong>Bruce Malleval<\/strong><span class=\"white-space-pre\"> <\/span>(Directeur de la MLSI), les salari\u00e9s de la MEE \u2013 MIFE Is\u00e8re et de la<span class=\"white-space-pre\"> <\/span><span>Mission Locale Sud Is\u00e8re<\/span><span class=\"white-space-pre\"> <\/span>ainsi que les techniciens de la M\u00e9tropole de Grenoble \u00e9taient pr\u00e9sents pour participer et animer cette Inauguration mais aussi d\u00e9voiler la Banderole <strong>\u00ab\u00a0Mission Locale Sud Is\u00e8re et Maison Emploi &amp; Entreprise &#8211; MIFE Is\u00e8re\u00a0\u00bb<\/strong> qui lance officiellement l&rsquo;ouverture du site \ud83e\udd29<span><br \/><\/span><span><\/span><span><br \/><\/span>\ud83e\udd1d Un grand merci \u00e0 l\u2019ensembles des \u00e9lus pr\u00e9sents ainsi qu\u2019aux techniciens et salari\u00e9s pour leur implication sur ce projet d\u2019am\u00e9nagement des nouveaux locaux afin <strong>d\u2019accueillir au mieux nos jeunes et nos partenaires\u00a0!<\/strong><\/span><\/span><\/p>\n<p>[\/et_pb_text][\/et_pb_column][\/et_pb_row][et_pb_row column_structure=\u00a0\u00bb1_2,1_2&Prime; _builder_version=\u00a0\u00bb4.27.6&Prime; _module_preset=\u00a0\u00bbdefault\u00a0\u00bb global_colors_info=\u00a0\u00bb{}\u00a0\u00bb][et_pb_column type=\u00a0\u00bb1_2&Prime; _builder_version=\u00a0\u00bb4.27.5&Prime; _module_preset=\u00a0\u00bbdefault\u00a0\u00bb global_colors_info=\u00a0\u00bb{}\u00a0\u00bb][et_pb_image src=\u00a0\u00bbhttps:\/\/www.missionlocale-si.com\/wp-content\/uploads\/2026\/03\/Inauguration-Eybens-24-02.png\u00a0\u00bb title_text=\u00a0\u00bbInauguration Eybens 24 02&Prime; _builder_version=\u00a0\u00bb4.27.6&Prime; _module_preset=\u00a0\u00bbdefault\u00a0\u00bb global_colors_info=\u00a0\u00bb{}\u00a0\u00bb][\/et_pb_image][\/et_pb_column][et_pb_column type=\u00a0\u00bb1_2&Prime; _builder_version=\u00a0\u00bb4.27.5&Prime; _module_preset=\u00a0\u00bbdefault\u00a0\u00bb global_colors_info=\u00a0\u00bb{}\u00a0\u00bb][et_pb_image src=\u00a0\u00bbhttps:\/\/www.missionlocale-si.com\/wp-content\/uploads\/2026\/01\/Post-RS-Demenagement-Site-eybens1.png\u00a0\u00bb title_text=\u00a0\u00bbNouveau site Eybens\u00a0\u00bb _builder_version=\u00a0\u00bb4.27.6&Prime; _module_preset=\u00a0\u00bbdefault\u00a0\u00bb global_colors_info=\u00a0\u00bb{}\u00a0\u00bb][\/et_pb_image][\/et_pb_column][\/et_pb_row][et_pb_row _builder_version=\u00a0\u00bb4.27.5&Prime; _module_preset=\u00a0\u00bbdefault\u00a0\u00bb global_colors_info=\u00a0\u00bb{}\u00a0\u00bb][et_pb_column type=\u00a0\u00bb4_4&Prime; _builder_version=\u00a0\u00bb4.27.5&Prime; _module_preset=\u00a0\u00bbdefault\u00a0\u00bb global_colors_info=\u00a0\u00bb{}\u00a0\u00bb][et_pb_image src=\u00a0\u00bbhttps:\/\/www.missionlocale-si.com\/wp-content\/uploads\/2026\/01\/20260119_160850-scaled.jpg\u00a0\u00bb title_text=\u00a0\u00bb20260119_160850&Prime; _builder_version=\u00a0\u00bb4.27.5&Prime; _module_preset=\u00a0\u00bbdefault\u00a0\u00bb width=\u00a0\u00bb54%\u00a0\u00bb module_alignment=\u00a0\u00bbcenter\u00a0\u00bb box_shadow_style=\u00a0\u00bbpreset4&Prime; box_shadow_color=\u00a0\u00bb#d60b51&Prime; global_colors_info=\u00a0\u00bb{}\u00a0\u00bb][\/et_pb_image][\/et_pb_column][\/et_pb_row][\/et_pb_section]<\/p>\n","protected":false},"excerpt":{"rendered":"<p>Mardi 24 f\u00e9vrier dernier, s&rsquo;est tenue l&rsquo;Inauguration du nouveau site de la Mission Locale Sud Is\u00e8re \u00e0 Eybens ! \ud83c\udf89\u200b Christophe Ferrari (Pr\u00e9sident de Grenoble Alpes M\u00e9tropole), Philippe Paliard\u00a0 (\u00c9lu de la R\u00e9gion Auvergne-Rh\u00f4ne-Alpes), Nicolas Richard (Maire d\u2019Eybens), Marie Rueda et Dominique Scheiblin (Vice-pr\u00e9sidentes de la MLSI), Christelle CHAVAND (\u00c9lue d\u2019Eybens), Salom\u00e9 DURAND (Charg\u00e9e d&rsquo;Op\u00e9ration [&hellip;]<\/p>\n","protected":false},"author":7,"featured_media":0,"parent":0,"menu_order":0,"comment_status":"closed","ping_status":"closed","template":"","meta":{"_et_pb_use_builder":"on","_et_pb_old_content":"","_et_gb_content_width":"","_monsterinsights_skip_tracking":false,"_monsterinsights_sitenote_active":false,"_monsterinsights_sitenote_note":"","_monsterinsights_sitenote_category":0,"footnotes":""},"class_list":["post-4336","page","type-page","status-publish","hentry"],"_links":{"self":[{"href":"https:\/\/www.missionlocale-si.com\/index.php\/wp-json\/wp\/v2\/pages\/4336","targetHints":{"allow":["GET"]}}],"collection":[{"href":"https:\/\/www.missionlocale-si.com\/index.php\/wp-json\/wp\/v2\/pages"}],"about":[{"href":"https:\/\/www.missionlocale-si.com\/index.php\/wp-json\/wp\/v2\/types\/page"}],"author":[{"embeddable":true,"href":"https:\/\/www.missionlocale-si.com\/index.php\/wp-json\/wp\/v2\/users\/7"}],"replies":[{"embeddable":true,"href":"https:\/\/www.missionlocale-si.com\/index.php\/wp-json\/wp\/v2\/comments?post=4336"}],"version-history":[{"count":11,"href":"https:\/\/www.missionlocale-si.com\/index.php\/wp-json\/wp\/v2\/pages\/4336\/revisions"}],"predecessor-version":[{"id":4521,"href":"https:\/\/www.missionlocale-si.com\/index.php\/wp-json\/wp\/v2\/pages\/4336\/revisions\/4521"}],"wp:attachment":[{"href":"https:\/\/www.missionlocale-si.com\/index.php\/wp-json\/wp\/v2\/media?parent=4336"}],"curies":[{"name":"wp","href":"https:\/\/api.w.org\/{rel}","templated":true}]}}