{"id":254,"date":"2016-03-02T09:59:06","date_gmt":"2016-03-02T08:59:06","guid":{"rendered":"http:\/\/www.missionlocale-si.com\/?page_id=254"},"modified":"2026-04-09T10:04:54","modified_gmt":"2026-04-09T09:04:54","slug":"mentions-legales","status":"publish","type":"page","link":"https:\/\/www.missionlocale-si.com\/index.php\/mentions-legales\/","title":{"rendered":"Mentions L\u00e9gales"},"content":{"rendered":"<p><strong>MISSION LOCALE SUD IS\u00c8RE<\/strong><\/p>\n<p>&nbsp;<\/p>\n<p><strong>Si\u00e8ge de l&rsquo;\u00e9tablissement <\/strong><br \/>\nMission Locale Sud Is\u00e8re<br \/>\n31 rue Normandie Niemen, 38130 Echirolles<br \/>\nT\u00e9l\u00a0: 04 76 23 67 80<br \/>\nFax\u00a0: 04 76 40 07 50<br \/>\n<strong>Statut juridique<\/strong><br \/>\nAssociation d\u2019entraide sociale<br \/>\nN\u00b0 Siret\u00a0: 40128677800022<br \/>\n<strong>Conception et r\u00e9alisation<\/strong><br \/>\nLes \u00e9tudiants de Licence professionnelle Webmestre Editorial, promo 2015-2016, de l\u2019Institut de la Communication et des M\u00e9dias \u00e0 \u00c9chirolles (Universit\u00e9 Grenoble Alpes), Camille Chain et C\u00e9lia Jean-Marie.<br \/>\nVersion en ligne (Gestion de projet, UX-UI Design, CSS) : Laurence Payan (ma\u00eetre de conf\u00e9rences associ\u00e9).<\/p>\n<p>Actualisation du site 2024 &#8211; 2027 : Mickael VINCENT, Charg\u00e9 de communication en alternance \u00e0 la Mission Locale Sud Is\u00e8re<\/p>\n<p>&nbsp;<\/p>\n<p><strong>Cr\u00e9dits photos et vid\u00e9os<\/strong><br \/>\nPhotos r\u00e9alis\u00e9es par Mickael VINCENT, Charg\u00e9 de communication en alternance \u00e0 la Mission Locale Sud Is\u00e8re<\/p>\n<p>Carte des Missions Locales de la R\u00e9gion Auvergne-Rh\u00f4ne-Alpes : Association des Missions Locales de la R\u00e9gion Auvergne-Rh\u00f4ne-Alpes<\/p>\n<p>Vue a\u00e9rienne\/plan : Google Maps<\/p>\n<p>Photo Bertrand Schwartz : Le Monde<\/p>\n<p>GIF Labellis\u00e9e : Union Nationale des Missions Locales<\/p>\n<p>Article Le Dauphin\u00e9 Apr\u00e8m Talentueuse : Le Dauphin\u00e9 &#8211; Serge Mass\u00e9<\/p>\n<p>Article Jeunesse Talentueuse Apr\u00e8m Talentueuse : Cit\u00e9 \u00c9chirolles n\u00b0418 &#8211; Ville d&rsquo;\u00c9chirolles<\/p>\n<p>Visuel CEJ : 1jeune1solution &#8211; Contrat d&rsquo;Engagement Jeune<\/p>\n<p>&nbsp;<\/p>\n<p><strong>H\u00e9bergement du site<\/strong><br \/>\nSite WordPress<\/p>\n<p><strong>Conditions g\u00e9n\u00e9rales d\u2019utilisation :<\/strong><\/p>\n<p><strong>Propri\u00e9t\u00e9 intellectuelle\u00a0<\/strong><br \/>\nLe site missionlocale-si.com,\u00a0et par cons\u00e9quent l\u2019ensemble des textes, graphismes, images, logos et autres \u00e9l\u00e9ments contenus (sauf mentions contraires) dans ce site est prot\u00e9g\u00e9 par les lois en vigueur sur la propri\u00e9t\u00e9 intellectuelle et le droit d&rsquo;auteur.<br \/>\nToutes copies, productions, diffusions, d&rsquo;\u00e9l\u00e9ments (textes, graphismes, vid\u00e9os, photos, base de donn\u00e9es&#8230;) constitutifs du site est soumise \u00e0 autorisation expresse de la Mission Locale Sud Is\u00e8re.<br \/>\nCertains graphismes proviennent des sites web suivants :<br \/>\n<a href=\"https:\/\/www.flaticon.com\" target=\"_blank\" rel=\"noopener noreferrer\">www.flaticon.com<\/a><br \/>\n<a href=\"https:\/\/www.freepik.com\" target=\"_blank\" rel=\"noopener noreferrer\">www.freepik.com<\/a><\/p>\n<p><strong>Donn\u00e9es personnelles\u00a0<\/strong><br \/>\nLe site missionlocale-si.com\u00a0peut \u00eatre amen\u00e9 \u00e0 demander \u00e0 l&rsquo;utilisateur de laisser ses coordonn\u00e9es. Le caract\u00e8re obligatoire des informations recueillies par l&rsquo;interm\u00e9diaire de formulaire est toujours signal\u00e9.<\/p>\n<p><strong>Utilisation des donn\u00e9es\u00a0<\/strong><br \/>\nEn application de l&rsquo;article 27 de la loi Informatique et Libert\u00e9s en date du 6 janvier 1978, vous disposez par ailleurs d&rsquo;un droit d&rsquo;acc\u00e8s, de rectification, de modification et de suppression concernant les donn\u00e9es qui vous concernent.<br \/>\nVous pouvez exercer ce droit en envoyant un mail \u00e0 l\u2019adresse suivante\u00a0:<br \/>\n<u>echirolles@missionlocale-si.com<\/u><br \/>\nIl vous est \u00e9galement possible de nous envoyer un courrier postal \u00e0 l&rsquo;adresse suivante :<br \/>\nMission Locale Sud-Is\u00e8re 31 rue Normandie Niemen, 38130 Echirolles<br \/>\n<strong>Responsabilit\u00e9\u00a0<\/strong><br \/>\nLe site\u00a0missionlocale-si.com\u00a0contient des liens hypertextes renvoyant \u00e0 d&rsquo;autres sites Internet. Ne pouvant exercer aucun contr\u00f4le sur ces sites, la Mission Locale Sud Is\u00e8re ne peut \u00eatre tenu pour responsable de la mise \u00e0 disposition de ces sites et sources externes, et ne peut supporter la responsabilit\u00e9 quant aux contenus cr\u00e9\u00e9s ou publi\u00e9s sur ces sites tiers.<br \/>\nTout lien pointant vers le site de la Mission Locale Sud-Is\u00e8re doit faire l&rsquo;objet d&rsquo;une information, la Mission Locale se r\u00e9serve le droit de ne pas autoriser ce lien.<br \/>\nLe site missionlocale-si.com\u00a0est mis \u00e0 la disposition de l\u2019utilisateur sans aucune garantie de quelque ordre que ce soit, explicite ou implicite concernant le site, et son fonctionnement.<br \/>\nLa Mission Locale Sud-Is\u00e8re s\u2019efforcera bien s\u00fbr de mettre le pr\u00e9sent site \u00e0 jour mais ne garantit pas que les informations contenues dans le site soient exactes, compl\u00e8tes ou actualis\u00e9es.<br \/>\n<strong>Droit applicable<\/strong><br \/>\nLes pr\u00e9sentes conditions g\u00e9n\u00e9rales sont soumises au droit fran\u00e7ais. La langue des conditions g\u00e9n\u00e9rales est la langue fran\u00e7aise. En cas de litige, les tribunaux fran\u00e7ais sont seuls comp\u00e9tents.<br \/>\n<strong>Mise \u00e0 jour des informations l\u00e9gales<\/strong><br \/>\nLa Mission Locale Sud Is\u00e8re se r\u00e9serve le droit de modifier et mettre \u00e0 jour \u00e0 tout moment ces informations l\u00e9gales.<br \/>\nCes modifications et mises \u00e0 jour s\u2019imposent \u00e0 l\u2019utilisateur qui doit en cons\u00e9quence se r\u00e9f\u00e9rer r\u00e9guli\u00e8rement \u00e0 cette rubrique pour v\u00e9rifier les informations l\u00e9gales en vigueur.<\/p>\n","protected":false},"excerpt":{"rendered":"<p>MISSION LOCALE SUD IS\u00c8RE &nbsp; Si\u00e8ge de l&rsquo;\u00e9tablissement Mission Locale Sud Is\u00e8re 31 rue Normandie Niemen, 38130 Echirolles T\u00e9l\u00a0: 04 76 23 67 80 Fax\u00a0: 04 76 40 07 50 Statut juridique Association d\u2019entraide sociale N\u00b0 Siret\u00a0: 40128677800022 Conception et r\u00e9alisation Les \u00e9tudiants de Licence professionnelle Webmestre Editorial, promo 2015-2016, de l\u2019Institut de la Communication [&hellip;]<\/p>\n","protected":false},"author":2,"featured_media":0,"parent":0,"menu_order":8,"comment_status":"closed","ping_status":"closed","template":"","meta":{"_et_pb_use_builder":"","_et_pb_old_content":"","_et_gb_content_width":"","_monsterinsights_skip_tracking":false,"_monsterinsights_sitenote_active":false,"_monsterinsights_sitenote_note":"","_monsterinsights_sitenote_category":0,"footnotes":""},"class_list":["post-254","page","type-page","status-publish","hentry"],"_links":{"self":[{"href":"https:\/\/www.missionlocale-si.com\/index.php\/wp-json\/wp\/v2\/pages\/254","targetHints":{"allow":["GET"]}}],"collection":[{"href":"https:\/\/www.missionlocale-si.com\/index.php\/wp-json\/wp\/v2\/pages"}],"about":[{"href":"https:\/\/www.missionlocale-si.com\/index.php\/wp-json\/wp\/v2\/types\/page"}],"author":[{"embeddable":true,"href":"https:\/\/www.missionlocale-si.com\/index.php\/wp-json\/wp\/v2\/users\/2"}],"replies":[{"embeddable":true,"href":"https:\/\/www.missionlocale-si.com\/index.php\/wp-json\/wp\/v2\/comments?post=254"}],"version-history":[{"count":2,"href":"https:\/\/www.missionlocale-si.com\/index.php\/wp-json\/wp\/v2\/pages\/254\/revisions"}],"predecessor-version":[{"id":4635,"href":"https:\/\/www.missionlocale-si.com\/index.php\/wp-json\/wp\/v2\/pages\/254\/revisions\/4635"}],"wp:attachment":[{"href":"https:\/\/www.missionlocale-si.com\/index.php\/wp-json\/wp\/v2\/media?parent=254"}],"curies":[{"name":"wp","href":"https:\/\/api.w.org\/{rel}","templated":true}]}}